{"id":5397,"date":"2024-05-22T09:57:43","date_gmt":"2024-05-22T08:57:43","guid":{"rendered":"https:\/\/www.cisseria.com\/?post_type=product&#038;p=5397"},"modified":"2025-05-05T13:58:40","modified_gmt":"2025-05-05T12:58:40","slug":"cielo-collection-romanian-goose-down-and-feather-duvet","status":"publish","type":"product","link":"https:\/\/www.cisseria.com\/ro\/produs\/cielo-collection-romanian-goose-down-and-feather-duvet\/","title":{"rendered":"Pilota colec\u021bia Cielo din puf si pene de g\u00e2sc\u0103 romaneasc\u0103"},"content":{"rendered":"<div class=\"css-17obbps e1n4aopa0\">\n<h3 class=\"media-0_body__yf6Z_ css-cet0rr e1chwovd1\">Caracteristici<\/h3>\n<div class=\"css-19pc6mm e1n4aopa0\">\n<div class=\"css-d4ouvk e1n4aopa0\">Pene \u0219i puf din surse responsabile<\/div>\n<\/div>\n<div class=\"css-19pc6mm e1n4aopa0\">\n<div class=\"css-1v5xdt0 e1n4aopa0\">\n<p class=\"media-0_body__yf6Z_\">100% din pene \u0219i puf din produsele noastre sunt fie reciclate, fie certificate conform standardelor recunoscute de bun\u0103stare a animalelor<\/p>\n<\/div>\n<\/div>\n<\/div>\n<div class=\"css-14hvavs e1chwovd3\">\n<p>&nbsp;<\/p>\n<h3 class=\"media-0_body__yf6Z_ css-cet0rr e1chwovd1\">Compozi\u021bie<\/h3>\n<p class=\"media-0_body__yf6Z_\">100% bumbac, Umplutur\u0103 \u2013 40% pene de g\u00e2sc\u0103, 60% puf de g\u00e2sc\u0103, Con\u021bine p\u0103r\u021bi netextile de origine animal\u0103<\/p>\n<\/div>\n<div class=\"css-17obbps e1n4aopa0\">\n<p>&nbsp;<\/p>\n<h3 class=\"media-0_body__yf6Z_ css-cet0rr e1chwovd1\">\u00cengrijire<\/h3>\n<div class=\"css-1bwsmgl e1n4aopa0\">\n<ul>\n<li>Spalare la 40 grade<\/li>\n<li>A nu se folosi \u00een\u0103lbitor<\/li>\n<li>Se usuc\u0103 la temperatura medie<\/li>\n<li>A nu se c\u0103lca<\/li>\n<li>Nu cur\u0103\u021ba\u021bi chimic<\/li>\n<\/ul>\n<\/div>\n<\/div>","protected":false},"excerpt":{"rendered":"<p>R\u0103sf\u0103\u021ba\u021bi-v\u0103 cu c\u0103ldura acestei pilote din pene si puf de g\u00e2sc\u0103. Husa din bumbac pur cuun  num\u0103r de 233 de fire ofer\u0103 un finisaj respirabil, \u00een timp ce buzunarele cusute asigur\u0103 o distribu\u021bie uniform\u0103 a penelor.<\/p>","protected":false},"featured_media":5393,"comment_status":"open","ping_status":"closed","template":"","meta":[],"product_brand":[],"product_cat":[21],"product_tag":[],"class_list":{"0":"post-5397","1":"product","2":"type-product","3":"status-publish","4":"has-post-thumbnail","6":"product_cat-duvets","8":"first","9":"instock","10":"taxable","11":"shipping-taxable","12":"purchasable","13":"product-type-variable"},"yoast_head":"<!-- This site is optimized with the Yoast SEO plugin v26.6 - https:\/\/yoast.com\/wordpress\/plugins\/seo\/ -->\n<title>Cielo Collection Romanian Goose Down and Feather Duvet - Pillows and quilts made of down and goose feathers | CISSERIA<\/title>\n<meta name=\"description\" content=\"Indulge in the luxurious warmth of this goose feather and down duvet. The 233 thread count pure cotton cover provides a breathable finish, while stitched pockets ensure an even distribution of feathers.\" \/>\n<meta name=\"robots\" content=\"index, follow, max-snippet:-1, max-image-preview:large, max-video-preview:-1\" \/>\n<link rel=\"canonical\" href=\"https:\/\/www.cisseria.com\/ro\/produs\/cielo-collection-romanian-goose-down-and-feather-duvet\/\" \/>\n<meta property=\"og:locale\" content=\"ro_RO\" \/>\n<meta property=\"og:type\" content=\"article\" \/>\n<meta property=\"og:title\" content=\"Cielo Collection Romanian Goose Down and Feather Duvet - Pillows and quilts made of down and goose feathers | CISSERIA\" \/>\n<meta property=\"og:description\" content=\"Indulge in the luxurious warmth of this goose feather and down duvet. The 233 thread count pure cotton cover provides a breathable finish, while stitched pockets ensure an even distribution of feathers.\" \/>\n<meta property=\"og:url\" content=\"https:\/\/www.cisseria.com\/ro\/produs\/cielo-collection-romanian-goose-down-and-feather-duvet\/\" \/>\n<meta property=\"og:site_name\" content=\"Pillows and quilts made of down and goose feathers | CISSERIA\" \/>\n<meta property=\"article:publisher\" content=\"https:\/\/www.facebook.com\/cisseria.home\" \/>\n<meta property=\"article:modified_time\" content=\"2025-05-05T12:58:40+00:00\" \/>\n<meta property=\"og:image\" content=\"https:\/\/www.cisseria.com\/wp-content\/uploads\/2024\/05\/Cielo-Feather-and-Goose-Down-Duvet-2.jpg\" \/>\n\t<meta property=\"og:image:width\" content=\"1000\" \/>\n\t<meta property=\"og:image:height\" content=\"1000\" \/>\n\t<meta property=\"og:image:type\" content=\"image\/jpeg\" \/>\n<meta name=\"twitter:card\" content=\"summary_large_image\" \/>\n<meta name=\"twitter:label1\" content=\"Timp estimat pentru citire\" \/>\n\t<meta name=\"twitter:data1\" content=\"1 minut\" \/>\n<script type=\"application\/ld+json\" class=\"yoast-schema-graph\">{\"@context\":\"https:\/\/schema.org\",\"@graph\":[{\"@type\":\"WebPage\",\"@id\":\"https:\/\/www.cisseria.com\/product\/cielo-collection-romanian-goose-down-and-feather-duvet\/\",\"url\":\"https:\/\/www.cisseria.com\/product\/cielo-collection-romanian-goose-down-and-feather-duvet\/\",\"name\":\"Cielo Collection Romanian Goose Down and Feather Duvet - Pillows and quilts made of down and goose feathers | CISSERIA\",\"isPartOf\":{\"@id\":\"https:\/\/www.cisseria.com\/#website\"},\"primaryImageOfPage\":{\"@id\":\"https:\/\/www.cisseria.com\/product\/cielo-collection-romanian-goose-down-and-feather-duvet\/#primaryimage\"},\"image\":{\"@id\":\"https:\/\/www.cisseria.com\/product\/cielo-collection-romanian-goose-down-and-feather-duvet\/#primaryimage\"},\"thumbnailUrl\":\"https:\/\/www.cisseria.com\/wp-content\/uploads\/2024\/05\/Cielo-Feather-and-Goose-Down-Duvet-2.jpg\",\"datePublished\":\"2024-05-22T08:57:43+00:00\",\"dateModified\":\"2025-05-05T12:58:40+00:00\",\"description\":\"Indulge in the luxurious warmth of this goose feather and down duvet. The 233 thread count pure cotton cover provides a breathable finish, while stitched pockets ensure an even distribution of feathers.\",\"breadcrumb\":{\"@id\":\"https:\/\/www.cisseria.com\/product\/cielo-collection-romanian-goose-down-and-feather-duvet\/#breadcrumb\"},\"inLanguage\":\"ro-RO\",\"potentialAction\":[{\"@type\":\"ReadAction\",\"target\":[\"https:\/\/www.cisseria.com\/product\/cielo-collection-romanian-goose-down-and-feather-duvet\/\"]}]},{\"@type\":\"ImageObject\",\"inLanguage\":\"ro-RO\",\"@id\":\"https:\/\/www.cisseria.com\/product\/cielo-collection-romanian-goose-down-and-feather-duvet\/#primaryimage\",\"url\":\"https:\/\/www.cisseria.com\/wp-content\/uploads\/2024\/05\/Cielo-Feather-and-Goose-Down-Duvet-2.jpg\",\"contentUrl\":\"https:\/\/www.cisseria.com\/wp-content\/uploads\/2024\/05\/Cielo-Feather-and-Goose-Down-Duvet-2.jpg\",\"width\":1000,\"height\":1000,\"caption\":\"Premium Romanian goose down duvet from the Anivia Collection, offering breathable, soft, and lightweight comfort\"},{\"@type\":\"BreadcrumbList\",\"@id\":\"https:\/\/www.cisseria.com\/product\/cielo-collection-romanian-goose-down-and-feather-duvet\/#breadcrumb\",\"itemListElement\":[{\"@type\":\"ListItem\",\"position\":1,\"name\":\"Home\",\"item\":\"https:\/\/www.cisseria.com\/\"},{\"@type\":\"ListItem\",\"position\":2,\"name\":\"Shop\",\"item\":\"https:\/\/www.cisseria.com\/shop\/\"},{\"@type\":\"ListItem\",\"position\":3,\"name\":\"Cielo Collection Romanian Goose Down and Feather Duvet\"}]},{\"@type\":\"WebSite\",\"@id\":\"https:\/\/www.cisseria.com\/#website\",\"url\":\"https:\/\/www.cisseria.com\/\",\"name\":\"Pillows and quilts made of down and goose feathers | CISSERIA\",\"description\":\"Bring the hotel confort into your home!\",\"publisher\":{\"@id\":\"https:\/\/www.cisseria.com\/#organization\"},\"potentialAction\":[{\"@type\":\"SearchAction\",\"target\":{\"@type\":\"EntryPoint\",\"urlTemplate\":\"https:\/\/www.cisseria.com\/?s={search_term_string}\"},\"query-input\":{\"@type\":\"PropertyValueSpecification\",\"valueRequired\":true,\"valueName\":\"search_term_string\"}}],\"inLanguage\":\"ro-RO\"},{\"@type\":\"Organization\",\"@id\":\"https:\/\/www.cisseria.com\/#organization\",\"name\":\"CISSERIA\",\"url\":\"https:\/\/www.cisseria.com\/\",\"logo\":{\"@type\":\"ImageObject\",\"inLanguage\":\"ro-RO\",\"@id\":\"https:\/\/www.cisseria.com\/#\/schema\/logo\/image\/\",\"url\":\"https:\/\/www.cisseria.com\/wp-content\/uploads\/2024\/03\/cropped-Cisseria-Logo-Final-EN-Transparent.png\",\"contentUrl\":\"https:\/\/www.cisseria.com\/wp-content\/uploads\/2024\/03\/cropped-Cisseria-Logo-Final-EN-Transparent.png\",\"width\":1000,\"height\":235,\"caption\":\"CISSERIA\"},\"image\":{\"@id\":\"https:\/\/www.cisseria.com\/#\/schema\/logo\/image\/\"},\"sameAs\":[\"https:\/\/www.facebook.com\/cisseria.home\",\"https:\/\/www.linkedin.com\/company\/cisseria\/\"]}]}<\/script>\n<!-- \/ Yoast SEO plugin. -->","yoast_head_json":{"title":"Cielo Collection Romanian Goose Down and Feather Duvet - Pillows and quilts made of down and goose feathers | CISSERIA","description":"R\u0103sf\u0103\u021ba\u021bi-v\u0103 cu c\u0103ldura acestei pilote din pene si puf de g\u00e2sc\u0103. Husa din bumbac pur cuun  num\u0103r de 233 de fire ofer\u0103 un finisaj respirabil, \u00een timp ce buzunarele cusute asigur\u0103 o distribu\u021bie uniform\u0103 a penelor.","robots":{"index":"index","follow":"follow","max-snippet":"max-snippet:-1","max-image-preview":"max-image-preview:large","max-video-preview":"max-video-preview:-1"},"canonical":"https:\/\/www.cisseria.com\/ro\/produs\/cielo-collection-romanian-goose-down-and-feather-duvet\/","og_locale":"ro_RO","og_type":"article","og_title":"Cielo Collection Romanian Goose Down and Feather Duvet - Pillows and quilts made of down and goose feathers | CISSERIA","og_description":"Indulge in the luxurious warmth of this goose feather and down duvet. The 233 thread count pure cotton cover provides a breathable finish, while stitched pockets ensure an even distribution of feathers.","og_url":"https:\/\/www.cisseria.com\/ro\/produs\/cielo-collection-romanian-goose-down-and-feather-duvet\/","og_site_name":"Pillows and quilts made of down and goose feathers | CISSERIA","article_publisher":"https:\/\/www.facebook.com\/cisseria.home","article_modified_time":"2025-05-05T12:58:40+00:00","og_image":[{"width":1000,"height":1000,"url":"https:\/\/www.cisseria.com\/wp-content\/uploads\/2024\/05\/Cielo-Feather-and-Goose-Down-Duvet-2.jpg","type":"image\/jpeg"}],"twitter_card":"summary_large_image","twitter_misc":{"Timp estimat pentru citire":"1 minut"},"schema":{"@context":"https:\/\/schema.org","@graph":[{"@type":"WebPage","@id":"https:\/\/www.cisseria.com\/product\/cielo-collection-romanian-goose-down-and-feather-duvet\/","url":"https:\/\/www.cisseria.com\/product\/cielo-collection-romanian-goose-down-and-feather-duvet\/","name":"Cielo Collection Romanian Goose Down and Feather Duvet - Pillows and quilts made of down and goose feathers | CISSERIA","isPartOf":{"@id":"https:\/\/www.cisseria.com\/#website"},"primaryImageOfPage":{"@id":"https:\/\/www.cisseria.com\/product\/cielo-collection-romanian-goose-down-and-feather-duvet\/#primaryimage"},"image":{"@id":"https:\/\/www.cisseria.com\/product\/cielo-collection-romanian-goose-down-and-feather-duvet\/#primaryimage"},"thumbnailUrl":"https:\/\/www.cisseria.com\/wp-content\/uploads\/2024\/05\/Cielo-Feather-and-Goose-Down-Duvet-2.jpg","datePublished":"2024-05-22T08:57:43+00:00","dateModified":"2025-05-05T12:58:40+00:00","description":"R\u0103sf\u0103\u021ba\u021bi-v\u0103 cu c\u0103ldura acestei pilote din pene si puf de g\u00e2sc\u0103. Husa din bumbac pur cuun  num\u0103r de 233 de fire ofer\u0103 un finisaj respirabil, \u00een timp ce buzunarele cusute asigur\u0103 o distribu\u021bie uniform\u0103 a penelor.","breadcrumb":{"@id":"https:\/\/www.cisseria.com\/product\/cielo-collection-romanian-goose-down-and-feather-duvet\/#breadcrumb"},"inLanguage":"ro-RO","potentialAction":[{"@type":"ReadAction","target":["https:\/\/www.cisseria.com\/product\/cielo-collection-romanian-goose-down-and-feather-duvet\/"]}]},{"@type":"ImageObject","inLanguage":"ro-RO","@id":"https:\/\/www.cisseria.com\/product\/cielo-collection-romanian-goose-down-and-feather-duvet\/#primaryimage","url":"https:\/\/www.cisseria.com\/wp-content\/uploads\/2024\/05\/Cielo-Feather-and-Goose-Down-Duvet-2.jpg","contentUrl":"https:\/\/www.cisseria.com\/wp-content\/uploads\/2024\/05\/Cielo-Feather-and-Goose-Down-Duvet-2.jpg","width":1000,"height":1000,"caption":"Premium Romanian goose down duvet from the Anivia Collection, offering breathable, soft, and lightweight comfort"},{"@type":"BreadcrumbList","@id":"https:\/\/www.cisseria.com\/product\/cielo-collection-romanian-goose-down-and-feather-duvet\/#breadcrumb","itemListElement":[{"@type":"ListItem","position":1,"name":"Home","item":"https:\/\/www.cisseria.com\/"},{"@type":"ListItem","position":2,"name":"Shop","item":"https:\/\/www.cisseria.com\/shop\/"},{"@type":"ListItem","position":3,"name":"Cielo Collection Romanian Goose Down and Feather Duvet"}]},{"@type":"WebSite","@id":"https:\/\/www.cisseria.com\/#website","url":"https:\/\/www.cisseria.com\/","name":"Pillows and quilts made of down and goose feathers | CISSERIA","description":"Bring the hotel confort into your home!","publisher":{"@id":"https:\/\/www.cisseria.com\/#organization"},"potentialAction":[{"@type":"SearchAction","target":{"@type":"EntryPoint","urlTemplate":"https:\/\/www.cisseria.com\/?s={search_term_string}"},"query-input":{"@type":"PropertyValueSpecification","valueRequired":true,"valueName":"search_term_string"}}],"inLanguage":"ro-RO"},{"@type":"Organization","@id":"https:\/\/www.cisseria.com\/#organization","name":"CISSERIA","url":"https:\/\/www.cisseria.com\/","logo":{"@type":"ImageObject","inLanguage":"ro-RO","@id":"https:\/\/www.cisseria.com\/#\/schema\/logo\/image\/","url":"https:\/\/www.cisseria.com\/wp-content\/uploads\/2024\/03\/cropped-Cisseria-Logo-Final-EN-Transparent.png","contentUrl":"https:\/\/www.cisseria.com\/wp-content\/uploads\/2024\/03\/cropped-Cisseria-Logo-Final-EN-Transparent.png","width":1000,"height":235,"caption":"CISSERIA"},"image":{"@id":"https:\/\/www.cisseria.com\/#\/schema\/logo\/image\/"},"sameAs":["https:\/\/www.facebook.com\/cisseria.home","https:\/\/www.linkedin.com\/company\/cisseria\/"]}]}},"jetpack_sharing_enabled":true,"_links":{"self":[{"href":"https:\/\/www.cisseria.com\/ro\/wp-json\/wp\/v2\/product\/5397","targetHints":{"allow":["GET"]}}],"collection":[{"href":"https:\/\/www.cisseria.com\/ro\/wp-json\/wp\/v2\/product"}],"about":[{"href":"https:\/\/www.cisseria.com\/ro\/wp-json\/wp\/v2\/types\/product"}],"replies":[{"embeddable":true,"href":"https:\/\/www.cisseria.com\/ro\/wp-json\/wp\/v2\/comments?post=5397"}],"wp:featuredmedia":[{"embeddable":true,"href":"https:\/\/www.cisseria.com\/ro\/wp-json\/wp\/v2\/media\/5393"}],"wp:attachment":[{"href":"https:\/\/www.cisseria.com\/ro\/wp-json\/wp\/v2\/media?parent=5397"}],"wp:term":[{"taxonomy":"product_brand","embeddable":true,"href":"https:\/\/www.cisseria.com\/ro\/wp-json\/wp\/v2\/product_brand?post=5397"},{"taxonomy":"product_cat","embeddable":true,"href":"https:\/\/www.cisseria.com\/ro\/wp-json\/wp\/v2\/product_cat?post=5397"},{"taxonomy":"product_tag","embeddable":true,"href":"https:\/\/www.cisseria.com\/ro\/wp-json\/wp\/v2\/product_tag?post=5397"}],"curies":[{"name":"wp","href":"https:\/\/api.w.org\/{rel}","templated":true}]}}