{"id":5413,"date":"2024-05-22T10:28:52","date_gmt":"2024-05-22T09:28:52","guid":{"rendered":"https:\/\/www.cisseria.com\/?post_type=product&#038;p=5413"},"modified":"2025-07-28T12:36:01","modified_gmt":"2025-07-28T11:36:01","slug":"cielo-collection-romanian-goose-down-and-feather-pillow","status":"publish","type":"product","link":"https:\/\/www.cisseria.com\/ro\/produs\/cielo-collection-romanian-goose-down-and-feather-pillow\/","title":{"rendered":"Perna din colec\u021bia Cielo din puf si pene de g\u00e2sc\u0103"},"content":{"rendered":"<div class=\"css-17obbps e1n4aopa0\">\n<h3>Deluxe Ciello Collection Romanian Goose Down Pillow<\/h3>\n<p>Aduce o alegere echilibrat\u0103 pentru cei care caut\u0103 calitate superioar\u0103 la un pre\u021b mediu. Fiecare pern\u0103 \u0219i pilote din aceast\u0103 colec\u021bie sunt realizate cu aten\u021bie pentru a oferi o experien\u021b\u0103 de somn excep\u021bional\u0103. Materialele de \u00eenalt\u0103 calitate combinate cu tehnologii avansate de confort asigur\u0103 suport ergonomic \u0219i termoreglare ideal\u0103.<\/p>\n<h3 class=\"media-0_body__yf6Z_ css-cet0rr e1chwovd1\">Caracteristici<\/h3>\n<div class=\"css-19pc6mm e1n4aopa0\">\n<div class=\"css-d4ouvk e1n4aopa0\">Pene \u0219i puf din surse responsabile<\/div>\n<\/div>\n<div class=\"css-19pc6mm e1n4aopa0\">\n<div class=\"css-1v5xdt0 e1n4aopa0\">\n<p class=\"media-0_body__yf6Z_\">100% din pene \u0219i puf din produsele noastre sunt fie reciclate, fie certificate conform standardelor recunoscute de bun\u0103stare a animalelor<\/p>\n<\/div>\n<\/div>\n<\/div>\n<div class=\"css-14hvavs e1chwovd3\">\n<p>&nbsp;<\/p>\n<h3 class=\"media-0_body__yf6Z_ css-cet0rr e1chwovd1\">Compozi\u021bie<\/h3>\n<p class=\"media-0_body__yf6Z_\">100% Ranforce cotton, Filling &#8211; 60% goose feather, 40% goose down, Contains non-textile parts of animal origin<\/p>\n<\/div>\n<div class=\"css-17obbps e1n4aopa0\">\n<p>&nbsp;<\/p>\n<h3 class=\"media-0_body__yf6Z_ css-cet0rr e1chwovd1\">\u00cengrijire<\/h3>\n<div class=\"css-1bwsmgl e1n4aopa0\">\n<ul>\n<li>Spalare la 40 grade<\/li>\n<li>A nu se folosi \u00een\u0103lbitor<\/li>\n<li>Se usuc\u0103 la temperatura medie<\/li>\n<li>A nu se c\u0103lca<\/li>\n<li>Nu cur\u0103\u021ba\u021bi chimic<\/li>\n<\/ul>\n<p>&nbsp;<\/p>\n<h3>Sizes<\/h3>\n<p>Available in the following sizes: 40&#215;40 pillow, 50&#215;70 pillow, 70&#215;70 pillow<\/p>\n<\/div>\n<\/div>","protected":false},"excerpt":{"rendered":"<div class=\"flex flex-grow flex-col max-w-full\">\n<div class=\"min-h-[20px] text-message flex flex-col items-start whitespace-pre-wrap break-words [.text-message+&amp;]:mt-5 juice:w-full juice:items-end overflow-x-auto gap-2\" dir=\"auto\" data-message-author-role=\"assistant\" data-message-id=\"cd27f686-d6fa-4a96-9bac-d8c60a70e545\">\n<div class=\"flex w-full flex-col gap-1 juice:empty:hidden juice:first:pt-[3px]\">\n<div class=\"markdown prose w-full break-words dark:prose-invert light\">\n<p>Cufunda\u021bi-v\u0103 \u00eentr-o delicate\u021be de lux cu aceste perne din bumbac respirabil \u00een mod natural. Num\u0103rul mare de fire asigur\u0103 \u021bes\u0103tura neted\u0103 \u0219i durabil\u0103. Umplute cu pene de g\u00e2sc\u0103 \u0219i puf, aceste perne cu sprijin mediu ofer\u0103 un somn odihnitor.<\/p>\n<\/div>\n<\/div>\n<\/div>\n<\/div>","protected":false},"featured_media":5418,"comment_status":"open","ping_status":"closed","template":"","meta":[],"product_brand":[],"product_cat":[22],"product_tag":[],"class_list":{"0":"post-5413","1":"product","2":"type-product","3":"status-publish","4":"has-post-thumbnail","6":"product_cat-pillow","8":"first","9":"instock","10":"taxable","11":"shipping-taxable","12":"purchasable","13":"product-type-variable"},"yoast_head":"<!-- This site is optimized with the Yoast SEO plugin v26.6 - https:\/\/yoast.com\/wordpress\/plugins\/seo\/ -->\n<title>Cielo Collection Romanian Goose Down and Feather Pillow - Pillows and quilts made of down and goose feathers | CISSERIA<\/title>\n<meta name=\"description\" content=\"Sink into luxurious softness with these naturally breathable cotton pillows filled with goose down and feathers.\" \/>\n<meta name=\"robots\" content=\"index, follow, max-snippet:-1, max-image-preview:large, max-video-preview:-1\" \/>\n<link rel=\"canonical\" href=\"https:\/\/www.cisseria.com\/ro\/produs\/cielo-collection-romanian-goose-down-and-feather-pillow\/\" \/>\n<meta property=\"og:locale\" content=\"ro_RO\" \/>\n<meta property=\"og:type\" content=\"article\" \/>\n<meta property=\"og:title\" content=\"Cielo Collection Romanian Goose Down and Feather Pillow - Pillows and quilts made of down and goose feathers | CISSERIA\" \/>\n<meta property=\"og:description\" content=\"Sink into luxurious softness with these naturally breathable cotton pillows filled with goose down and feathers.\" \/>\n<meta property=\"og:url\" content=\"https:\/\/www.cisseria.com\/ro\/produs\/cielo-collection-romanian-goose-down-and-feather-pillow\/\" \/>\n<meta property=\"og:site_name\" content=\"Pillows and quilts made of down and goose feathers | CISSERIA\" \/>\n<meta property=\"article:publisher\" content=\"https:\/\/www.facebook.com\/cisseria.home\" \/>\n<meta property=\"article:modified_time\" content=\"2025-07-28T11:36:01+00:00\" \/>\n<meta property=\"og:image\" content=\"https:\/\/www.cisseria.com\/wp-content\/uploads\/2024\/05\/50x70-pillow-cielo-goosedown-and-feather-1.jpg\" \/>\n\t<meta property=\"og:image:width\" content=\"1000\" \/>\n\t<meta property=\"og:image:height\" content=\"1000\" \/>\n\t<meta property=\"og:image:type\" content=\"image\/jpeg\" \/>\n<meta name=\"twitter:card\" content=\"summary_large_image\" \/>\n<meta name=\"twitter:label1\" content=\"Timp estimat pentru citire\" \/>\n\t<meta name=\"twitter:data1\" content=\"1 minut\" \/>\n<script type=\"application\/ld+json\" class=\"yoast-schema-graph\">{\"@context\":\"https:\/\/schema.org\",\"@graph\":[{\"@type\":\"WebPage\",\"@id\":\"https:\/\/www.cisseria.com\/product\/cielo-collection-romanian-goose-down-and-feather-pillow\/\",\"url\":\"https:\/\/www.cisseria.com\/product\/cielo-collection-romanian-goose-down-and-feather-pillow\/\",\"name\":\"Cielo Collection Romanian Goose Down and Feather Pillow - Pillows and quilts made of down and goose feathers | CISSERIA\",\"isPartOf\":{\"@id\":\"https:\/\/www.cisseria.com\/#website\"},\"primaryImageOfPage\":{\"@id\":\"https:\/\/www.cisseria.com\/product\/cielo-collection-romanian-goose-down-and-feather-pillow\/#primaryimage\"},\"image\":{\"@id\":\"https:\/\/www.cisseria.com\/product\/cielo-collection-romanian-goose-down-and-feather-pillow\/#primaryimage\"},\"thumbnailUrl\":\"https:\/\/www.cisseria.com\/wp-content\/uploads\/2024\/05\/50x70-pillow-cielo-goosedown-and-feather-1.jpg\",\"datePublished\":\"2024-05-22T09:28:52+00:00\",\"dateModified\":\"2025-07-28T11:36:01+00:00\",\"description\":\"Sink into luxurious softness with these naturally breathable cotton pillows filled with goose down and feathers.\",\"breadcrumb\":{\"@id\":\"https:\/\/www.cisseria.com\/product\/cielo-collection-romanian-goose-down-and-feather-pillow\/#breadcrumb\"},\"inLanguage\":\"ro-RO\",\"potentialAction\":[{\"@type\":\"ReadAction\",\"target\":[\"https:\/\/www.cisseria.com\/product\/cielo-collection-romanian-goose-down-and-feather-pillow\/\"]}]},{\"@type\":\"ImageObject\",\"inLanguage\":\"ro-RO\",\"@id\":\"https:\/\/www.cisseria.com\/product\/cielo-collection-romanian-goose-down-and-feather-pillow\/#primaryimage\",\"url\":\"https:\/\/www.cisseria.com\/wp-content\/uploads\/2024\/05\/50x70-pillow-cielo-goosedown-and-feather-1.jpg\",\"contentUrl\":\"https:\/\/www.cisseria.com\/wp-content\/uploads\/2024\/05\/50x70-pillow-cielo-goosedown-and-feather-1.jpg\",\"width\":1000,\"height\":1000,\"caption\":\"50x70 goose down and feather white pillow\"},{\"@type\":\"BreadcrumbList\",\"@id\":\"https:\/\/www.cisseria.com\/product\/cielo-collection-romanian-goose-down-and-feather-pillow\/#breadcrumb\",\"itemListElement\":[{\"@type\":\"ListItem\",\"position\":1,\"name\":\"Home\",\"item\":\"https:\/\/www.cisseria.com\/\"},{\"@type\":\"ListItem\",\"position\":2,\"name\":\"Shop\",\"item\":\"https:\/\/www.cisseria.com\/shop\/\"},{\"@type\":\"ListItem\",\"position\":3,\"name\":\"Cielo Collection Romanian Goose Down and Feather Pillow\"}]},{\"@type\":\"WebSite\",\"@id\":\"https:\/\/www.cisseria.com\/#website\",\"url\":\"https:\/\/www.cisseria.com\/\",\"name\":\"Pillows and quilts made of down and goose feathers | CISSERIA\",\"description\":\"Bring the hotel confort into your home!\",\"publisher\":{\"@id\":\"https:\/\/www.cisseria.com\/#organization\"},\"potentialAction\":[{\"@type\":\"SearchAction\",\"target\":{\"@type\":\"EntryPoint\",\"urlTemplate\":\"https:\/\/www.cisseria.com\/?s={search_term_string}\"},\"query-input\":{\"@type\":\"PropertyValueSpecification\",\"valueRequired\":true,\"valueName\":\"search_term_string\"}}],\"inLanguage\":\"ro-RO\"},{\"@type\":\"Organization\",\"@id\":\"https:\/\/www.cisseria.com\/#organization\",\"name\":\"CISSERIA\",\"url\":\"https:\/\/www.cisseria.com\/\",\"logo\":{\"@type\":\"ImageObject\",\"inLanguage\":\"ro-RO\",\"@id\":\"https:\/\/www.cisseria.com\/#\/schema\/logo\/image\/\",\"url\":\"https:\/\/www.cisseria.com\/wp-content\/uploads\/2024\/03\/cropped-Cisseria-Logo-Final-EN-Transparent.png\",\"contentUrl\":\"https:\/\/www.cisseria.com\/wp-content\/uploads\/2024\/03\/cropped-Cisseria-Logo-Final-EN-Transparent.png\",\"width\":1000,\"height\":235,\"caption\":\"CISSERIA\"},\"image\":{\"@id\":\"https:\/\/www.cisseria.com\/#\/schema\/logo\/image\/\"},\"sameAs\":[\"https:\/\/www.facebook.com\/cisseria.home\",\"https:\/\/www.linkedin.com\/company\/cisseria\/\"]}]}<\/script>\n<!-- \/ Yoast SEO plugin. -->","yoast_head_json":{"title":"Cielo Collection Romanian Goose Down and Feather Pillow - Pillows and quilts made of down and goose feathers | CISSERIA","description":"Sink into luxurious softness with these naturally breathable cotton pillows filled with goose down and feathers.","robots":{"index":"index","follow":"follow","max-snippet":"max-snippet:-1","max-image-preview":"max-image-preview:large","max-video-preview":"max-video-preview:-1"},"canonical":"https:\/\/www.cisseria.com\/ro\/produs\/cielo-collection-romanian-goose-down-and-feather-pillow\/","og_locale":"ro_RO","og_type":"article","og_title":"Cielo Collection Romanian Goose Down and Feather Pillow - Pillows and quilts made of down and goose feathers | CISSERIA","og_description":"Sink into luxurious softness with these naturally breathable cotton pillows filled with goose down and feathers.","og_url":"https:\/\/www.cisseria.com\/ro\/produs\/cielo-collection-romanian-goose-down-and-feather-pillow\/","og_site_name":"Pillows and quilts made of down and goose feathers | CISSERIA","article_publisher":"https:\/\/www.facebook.com\/cisseria.home","article_modified_time":"2025-07-28T11:36:01+00:00","og_image":[{"width":1000,"height":1000,"url":"https:\/\/www.cisseria.com\/wp-content\/uploads\/2024\/05\/50x70-pillow-cielo-goosedown-and-feather-1.jpg","type":"image\/jpeg"}],"twitter_card":"summary_large_image","twitter_misc":{"Timp estimat pentru citire":"1 minut"},"schema":{"@context":"https:\/\/schema.org","@graph":[{"@type":"WebPage","@id":"https:\/\/www.cisseria.com\/product\/cielo-collection-romanian-goose-down-and-feather-pillow\/","url":"https:\/\/www.cisseria.com\/product\/cielo-collection-romanian-goose-down-and-feather-pillow\/","name":"Cielo Collection Romanian Goose Down and Feather Pillow - Pillows and quilts made of down and goose feathers | CISSERIA","isPartOf":{"@id":"https:\/\/www.cisseria.com\/#website"},"primaryImageOfPage":{"@id":"https:\/\/www.cisseria.com\/product\/cielo-collection-romanian-goose-down-and-feather-pillow\/#primaryimage"},"image":{"@id":"https:\/\/www.cisseria.com\/product\/cielo-collection-romanian-goose-down-and-feather-pillow\/#primaryimage"},"thumbnailUrl":"https:\/\/www.cisseria.com\/wp-content\/uploads\/2024\/05\/50x70-pillow-cielo-goosedown-and-feather-1.jpg","datePublished":"2024-05-22T09:28:52+00:00","dateModified":"2025-07-28T11:36:01+00:00","description":"Sink into luxurious softness with these naturally breathable cotton pillows filled with goose down and feathers.","breadcrumb":{"@id":"https:\/\/www.cisseria.com\/product\/cielo-collection-romanian-goose-down-and-feather-pillow\/#breadcrumb"},"inLanguage":"ro-RO","potentialAction":[{"@type":"ReadAction","target":["https:\/\/www.cisseria.com\/product\/cielo-collection-romanian-goose-down-and-feather-pillow\/"]}]},{"@type":"ImageObject","inLanguage":"ro-RO","@id":"https:\/\/www.cisseria.com\/product\/cielo-collection-romanian-goose-down-and-feather-pillow\/#primaryimage","url":"https:\/\/www.cisseria.com\/wp-content\/uploads\/2024\/05\/50x70-pillow-cielo-goosedown-and-feather-1.jpg","contentUrl":"https:\/\/www.cisseria.com\/wp-content\/uploads\/2024\/05\/50x70-pillow-cielo-goosedown-and-feather-1.jpg","width":1000,"height":1000,"caption":"50x70 goose down and feather white pillow"},{"@type":"BreadcrumbList","@id":"https:\/\/www.cisseria.com\/product\/cielo-collection-romanian-goose-down-and-feather-pillow\/#breadcrumb","itemListElement":[{"@type":"ListItem","position":1,"name":"Home","item":"https:\/\/www.cisseria.com\/"},{"@type":"ListItem","position":2,"name":"Shop","item":"https:\/\/www.cisseria.com\/shop\/"},{"@type":"ListItem","position":3,"name":"Cielo Collection Romanian Goose Down and Feather Pillow"}]},{"@type":"WebSite","@id":"https:\/\/www.cisseria.com\/#website","url":"https:\/\/www.cisseria.com\/","name":"Pillows and quilts made of down and goose feathers | CISSERIA","description":"Bring the hotel confort into your home!","publisher":{"@id":"https:\/\/www.cisseria.com\/#organization"},"potentialAction":[{"@type":"SearchAction","target":{"@type":"EntryPoint","urlTemplate":"https:\/\/www.cisseria.com\/?s={search_term_string}"},"query-input":{"@type":"PropertyValueSpecification","valueRequired":true,"valueName":"search_term_string"}}],"inLanguage":"ro-RO"},{"@type":"Organization","@id":"https:\/\/www.cisseria.com\/#organization","name":"CISSERIA","url":"https:\/\/www.cisseria.com\/","logo":{"@type":"ImageObject","inLanguage":"ro-RO","@id":"https:\/\/www.cisseria.com\/#\/schema\/logo\/image\/","url":"https:\/\/www.cisseria.com\/wp-content\/uploads\/2024\/03\/cropped-Cisseria-Logo-Final-EN-Transparent.png","contentUrl":"https:\/\/www.cisseria.com\/wp-content\/uploads\/2024\/03\/cropped-Cisseria-Logo-Final-EN-Transparent.png","width":1000,"height":235,"caption":"CISSERIA"},"image":{"@id":"https:\/\/www.cisseria.com\/#\/schema\/logo\/image\/"},"sameAs":["https:\/\/www.facebook.com\/cisseria.home","https:\/\/www.linkedin.com\/company\/cisseria\/"]}]}},"jetpack_sharing_enabled":true,"_links":{"self":[{"href":"https:\/\/www.cisseria.com\/ro\/wp-json\/wp\/v2\/product\/5413","targetHints":{"allow":["GET"]}}],"collection":[{"href":"https:\/\/www.cisseria.com\/ro\/wp-json\/wp\/v2\/product"}],"about":[{"href":"https:\/\/www.cisseria.com\/ro\/wp-json\/wp\/v2\/types\/product"}],"replies":[{"embeddable":true,"href":"https:\/\/www.cisseria.com\/ro\/wp-json\/wp\/v2\/comments?post=5413"}],"wp:featuredmedia":[{"embeddable":true,"href":"https:\/\/www.cisseria.com\/ro\/wp-json\/wp\/v2\/media\/5418"}],"wp:attachment":[{"href":"https:\/\/www.cisseria.com\/ro\/wp-json\/wp\/v2\/media?parent=5413"}],"wp:term":[{"taxonomy":"product_brand","embeddable":true,"href":"https:\/\/www.cisseria.com\/ro\/wp-json\/wp\/v2\/product_brand?post=5413"},{"taxonomy":"product_cat","embeddable":true,"href":"https:\/\/www.cisseria.com\/ro\/wp-json\/wp\/v2\/product_cat?post=5413"},{"taxonomy":"product_tag","embeddable":true,"href":"https:\/\/www.cisseria.com\/ro\/wp-json\/wp\/v2\/product_tag?post=5413"}],"curies":[{"name":"wp","href":"https:\/\/api.w.org\/{rel}","templated":true}]}}