{"id":5445,"date":"2024-08-06T09:21:08","date_gmt":"2024-08-06T08:21:08","guid":{"rendered":"https:\/\/www.cisseria.com\/?post_type=product&#038;p=5445"},"modified":"2024-10-23T09:06:46","modified_gmt":"2024-10-23T08:06:46","slug":"anivia0flat-cushion-for-kids","status":"publish","type":"product","link":"https:\/\/www.cisseria.com\/ro\/produs\/anivia0flat-cushion-for-kids\/","title":{"rendered":"Anivia Flat cushion for kids"},"content":{"rendered":"<p>During the first years of life, children and infants should lie flat. The Anivia flat pillow is filled with wonderfully soft goose down, and its fine cotton cover adds both elegance and softness. These features ensure a high moisture balance and create a comfortable sleeping environment. The pillow is machine washable at up to 40\u00b0C. Provide your child with the highest level of sleeping comfort.<\/p>\n<div class=\"css-17obbps e1n4aopa0\">\n<h3>Perna din colec\u021bia de lux Anivia din puf de g\u00e2sc\u0103<\/h3>\n<p>Aduce o alegere echilibrat\u0103 pentru cei care caut\u0103 calitate superioar\u0103 la un pre\u021b mediu. Fiecare pern\u0103 \u0219i pilote din aceast\u0103 colec\u021bie sunt realizate cu aten\u021bie pentru a oferi o experien\u021b\u0103 de somn excep\u021bional\u0103. Materialele de \u00eenalt\u0103 calitate combinate cu tehnologii avansate de confort asigur\u0103 suport ergonomic \u0219i termoreglare ideal\u0103.<\/p>\n<h3 class=\"media-0_body__yf6Z_ css-cet0rr e1chwovd1\">Caracteristici<\/h3>\n<div class=\"css-19pc6mm e1n4aopa0\">\n<div class=\"css-d4ouvk e1n4aopa0\">Pene \u0219i puf din surse responsabile<\/div>\n<\/div>\n<div class=\"css-19pc6mm e1n4aopa0\">\n<div class=\"css-1v5xdt0 e1n4aopa0\">\n<p class=\"media-0_body__yf6Z_\">100% din pene \u0219i puf din produsele noastre sunt fie reciclate, fie certificate conform standardelor recunoscute de bun\u0103stare a animalelor<\/p>\n<\/div>\n<\/div>\n<\/div>\n<div class=\"css-14hvavs e1chwovd3\">\n<p>&nbsp;<\/p>\n<h3 class=\"media-0_body__yf6Z_ css-cet0rr e1chwovd1\">Compozi\u021bie<\/h3>\n<p class=\"media-0_body__yf6Z_\">100% Ranforce cotton, Filling \u2013 10% goose feather, 90% goose down, Contains non-textile parts of animal origin<\/p>\n<\/div>\n<div class=\"css-17obbps e1n4aopa0\">\n<p>&nbsp;<\/p>\n<h3 class=\"media-0_body__yf6Z_ css-cet0rr e1chwovd1\">\u00cengrijire<\/h3>\n<div class=\"css-1bwsmgl e1n4aopa0\">\n<ul>\n<li>Spalare la 40 grade<\/li>\n<li>A nu se folosi \u00een\u0103lbitor<\/li>\n<li>Se usuc\u0103 la temperatura medie<\/li>\n<li>A nu se c\u0103lca<\/li>\n<li>Nu cur\u0103\u021ba\u021bi chimic<\/li>\n<\/ul>\n<p>&nbsp;<\/p>\n<h3>Sizes<\/h3>\n<p>Available in the following sizes: 30&#215;50 pillow<\/p>\n<\/div>\n<\/div>","protected":false},"excerpt":{"rendered":"<p>&nbsp;<\/p>\n<ul class=\"product-detail-billerbeck-advantages\">\n<li>Temperature balancing<\/li>\n<li>Suitable for allergy sufferers<\/li>\n<li>Flat pillow for child friendly sleep<\/li>\n<li>Size of pillow 30x50cm<\/li>\n<li>Romanian white goose down<\/li>\n<li>Cover 100 % <span class=\"lexicon-modal\"><a title=\"Cotton\" href=\"https:\/\/billerbeck.shop\/en\/lexikon\/nature-cotton\/\" data-ajax-modal=\"modal\" data-original-title=\"Nature: Cotton, the Popular All-Rounder Cotton is harvested from the seed hairs of the cotton plant. This popular natural fiber has been indispensable in the textile industry for centuries. Its natural moisture-retaining, skin-friendly, and easy-care properties also make cotton an interesting choice for natural fillings and cover materials. Advantages of the Natural Fiber - Cotton: Ideal for summer duvets Hygienic and easy to care for Quickly absorbs moisture Washable up to 95\u00b0C \" data-url=\"https:\/\/billerbeck.shop\/en\/cbax\/lexicon\/modalInfo\/018bd8828309738aa45a9f2d91b990bc\">cotton<\/a><\/span><\/li>\n<\/ul>","protected":false},"featured_media":5461,"comment_status":"open","ping_status":"closed","template":"","meta":[],"product_brand":[],"product_cat":[22],"product_tag":[],"class_list":{"0":"post-5445","1":"product","2":"type-product","3":"status-publish","4":"has-post-thumbnail","6":"product_cat-pillow","8":"first","9":"instock","10":"taxable","11":"shipping-taxable","12":"purchasable","13":"product-type-simple"},"yoast_head":"<!-- This site is optimized with the Yoast SEO plugin v26.6 - https:\/\/yoast.com\/wordpress\/plugins\/seo\/ -->\n<title>Anivia Flat cushion for kids - Pillows and quilts made of down and goose feathers | CISSERIA<\/title>\n<meta name=\"description\" content=\"During the first years of life, children and infants should lie flat. The Anivia flat pillow is filled with soft goose down, and its fine cotton cover adds both elegance and softness.\" \/>\n<meta name=\"robots\" content=\"index, follow, max-snippet:-1, max-image-preview:large, max-video-preview:-1\" \/>\n<link rel=\"canonical\" href=\"https:\/\/www.cisseria.com\/ro\/produs\/anivia0flat-cushion-for-kids\/\" \/>\n<meta property=\"og:locale\" content=\"ro_RO\" \/>\n<meta property=\"og:type\" content=\"article\" \/>\n<meta property=\"og:title\" content=\"Anivia Flat cushion for kids - Pillows and quilts made of down and goose feathers | CISSERIA\" \/>\n<meta property=\"og:description\" content=\"During the first years of life, children and infants should lie flat. The Anivia flat pillow is filled with soft goose down, and its fine cotton cover adds both elegance and softness.\" \/>\n<meta property=\"og:url\" content=\"https:\/\/www.cisseria.com\/ro\/produs\/anivia0flat-cushion-for-kids\/\" \/>\n<meta property=\"og:site_name\" content=\"Pillows and quilts made of down and goose feathers | CISSERIA\" \/>\n<meta property=\"article:publisher\" content=\"https:\/\/www.facebook.com\/cisseria.home\" \/>\n<meta property=\"article:modified_time\" content=\"2024-10-23T08:06:46+00:00\" \/>\n<meta property=\"og:image\" content=\"https:\/\/www.cisseria.com\/wp-content\/uploads\/2024\/08\/Perna30x50copii-dreptunghi-1-bg.jpg\" \/>\n\t<meta property=\"og:image:width\" content=\"1024\" \/>\n\t<meta property=\"og:image:height\" content=\"1024\" \/>\n\t<meta property=\"og:image:type\" content=\"image\/jpeg\" \/>\n<meta name=\"twitter:card\" content=\"summary_large_image\" \/>\n<meta name=\"twitter:label1\" content=\"Timp estimat pentru citire\" \/>\n\t<meta name=\"twitter:data1\" content=\"2 minute\" \/>\n<script type=\"application\/ld+json\" class=\"yoast-schema-graph\">{\"@context\":\"https:\/\/schema.org\",\"@graph\":[{\"@type\":\"WebPage\",\"@id\":\"https:\/\/www.cisseria.com\/product\/anivia0flat-cushion-for-kids\/\",\"url\":\"https:\/\/www.cisseria.com\/product\/anivia0flat-cushion-for-kids\/\",\"name\":\"Anivia Flat cushion for kids - Pillows and quilts made of down and goose feathers | CISSERIA\",\"isPartOf\":{\"@id\":\"https:\/\/www.cisseria.com\/#website\"},\"primaryImageOfPage\":{\"@id\":\"https:\/\/www.cisseria.com\/product\/anivia0flat-cushion-for-kids\/#primaryimage\"},\"image\":{\"@id\":\"https:\/\/www.cisseria.com\/product\/anivia0flat-cushion-for-kids\/#primaryimage\"},\"thumbnailUrl\":\"https:\/\/www.cisseria.com\/wp-content\/uploads\/2024\/08\/Perna30x50copii-dreptunghi-1-bg.jpg\",\"datePublished\":\"2024-08-06T08:21:08+00:00\",\"dateModified\":\"2024-10-23T08:06:46+00:00\",\"description\":\"During the first years of life, children and infants should lie flat. The Anivia flat pillow is filled with soft goose down, and its fine cotton cover adds both elegance and softness.\",\"breadcrumb\":{\"@id\":\"https:\/\/www.cisseria.com\/product\/anivia0flat-cushion-for-kids\/#breadcrumb\"},\"inLanguage\":\"ro-RO\",\"potentialAction\":[{\"@type\":\"ReadAction\",\"target\":[\"https:\/\/www.cisseria.com\/product\/anivia0flat-cushion-for-kids\/\"]}]},{\"@type\":\"ImageObject\",\"inLanguage\":\"ro-RO\",\"@id\":\"https:\/\/www.cisseria.com\/product\/anivia0flat-cushion-for-kids\/#primaryimage\",\"url\":\"https:\/\/www.cisseria.com\/wp-content\/uploads\/2024\/08\/Perna30x50copii-dreptunghi-1-bg.jpg\",\"contentUrl\":\"https:\/\/www.cisseria.com\/wp-content\/uploads\/2024\/08\/Perna30x50copii-dreptunghi-1-bg.jpg\",\"width\":1024,\"height\":1024,\"caption\":\"Anivia Pillow for kids\"},{\"@type\":\"BreadcrumbList\",\"@id\":\"https:\/\/www.cisseria.com\/product\/anivia0flat-cushion-for-kids\/#breadcrumb\",\"itemListElement\":[{\"@type\":\"ListItem\",\"position\":1,\"name\":\"Home\",\"item\":\"https:\/\/www.cisseria.com\/\"},{\"@type\":\"ListItem\",\"position\":2,\"name\":\"Shop\",\"item\":\"https:\/\/www.cisseria.com\/shop\/\"},{\"@type\":\"ListItem\",\"position\":3,\"name\":\"Anivia Flat cushion for kids\"}]},{\"@type\":\"WebSite\",\"@id\":\"https:\/\/www.cisseria.com\/#website\",\"url\":\"https:\/\/www.cisseria.com\/\",\"name\":\"Pillows and quilts made of down and goose feathers | CISSERIA\",\"description\":\"Bring the hotel confort into your home!\",\"publisher\":{\"@id\":\"https:\/\/www.cisseria.com\/#organization\"},\"potentialAction\":[{\"@type\":\"SearchAction\",\"target\":{\"@type\":\"EntryPoint\",\"urlTemplate\":\"https:\/\/www.cisseria.com\/?s={search_term_string}\"},\"query-input\":{\"@type\":\"PropertyValueSpecification\",\"valueRequired\":true,\"valueName\":\"search_term_string\"}}],\"inLanguage\":\"ro-RO\"},{\"@type\":\"Organization\",\"@id\":\"https:\/\/www.cisseria.com\/#organization\",\"name\":\"CISSERIA\",\"url\":\"https:\/\/www.cisseria.com\/\",\"logo\":{\"@type\":\"ImageObject\",\"inLanguage\":\"ro-RO\",\"@id\":\"https:\/\/www.cisseria.com\/#\/schema\/logo\/image\/\",\"url\":\"https:\/\/www.cisseria.com\/wp-content\/uploads\/2024\/03\/cropped-Cisseria-Logo-Final-EN-Transparent.png\",\"contentUrl\":\"https:\/\/www.cisseria.com\/wp-content\/uploads\/2024\/03\/cropped-Cisseria-Logo-Final-EN-Transparent.png\",\"width\":1000,\"height\":235,\"caption\":\"CISSERIA\"},\"image\":{\"@id\":\"https:\/\/www.cisseria.com\/#\/schema\/logo\/image\/\"},\"sameAs\":[\"https:\/\/www.facebook.com\/cisseria.home\",\"https:\/\/www.linkedin.com\/company\/cisseria\/\"]}]}<\/script>\n<!-- \/ Yoast SEO plugin. -->","yoast_head_json":{"title":"Anivia Flat cushion for kids - Pillows and quilts made of down and goose feathers | CISSERIA","description":"During the first years of life, children and infants should lie flat. The Anivia flat pillow is filled with soft goose down, and its fine cotton cover adds both elegance and softness.","robots":{"index":"index","follow":"follow","max-snippet":"max-snippet:-1","max-image-preview":"max-image-preview:large","max-video-preview":"max-video-preview:-1"},"canonical":"https:\/\/www.cisseria.com\/ro\/produs\/anivia0flat-cushion-for-kids\/","og_locale":"ro_RO","og_type":"article","og_title":"Anivia Flat cushion for kids - Pillows and quilts made of down and goose feathers | CISSERIA","og_description":"During the first years of life, children and infants should lie flat. The Anivia flat pillow is filled with soft goose down, and its fine cotton cover adds both elegance and softness.","og_url":"https:\/\/www.cisseria.com\/ro\/produs\/anivia0flat-cushion-for-kids\/","og_site_name":"Pillows and quilts made of down and goose feathers | CISSERIA","article_publisher":"https:\/\/www.facebook.com\/cisseria.home","article_modified_time":"2024-10-23T08:06:46+00:00","og_image":[{"width":1024,"height":1024,"url":"https:\/\/www.cisseria.com\/wp-content\/uploads\/2024\/08\/Perna30x50copii-dreptunghi-1-bg.jpg","type":"image\/jpeg"}],"twitter_card":"summary_large_image","twitter_misc":{"Timp estimat pentru citire":"2 minute"},"schema":{"@context":"https:\/\/schema.org","@graph":[{"@type":"WebPage","@id":"https:\/\/www.cisseria.com\/product\/anivia0flat-cushion-for-kids\/","url":"https:\/\/www.cisseria.com\/product\/anivia0flat-cushion-for-kids\/","name":"Anivia Flat cushion for kids - Pillows and quilts made of down and goose feathers | CISSERIA","isPartOf":{"@id":"https:\/\/www.cisseria.com\/#website"},"primaryImageOfPage":{"@id":"https:\/\/www.cisseria.com\/product\/anivia0flat-cushion-for-kids\/#primaryimage"},"image":{"@id":"https:\/\/www.cisseria.com\/product\/anivia0flat-cushion-for-kids\/#primaryimage"},"thumbnailUrl":"https:\/\/www.cisseria.com\/wp-content\/uploads\/2024\/08\/Perna30x50copii-dreptunghi-1-bg.jpg","datePublished":"2024-08-06T08:21:08+00:00","dateModified":"2024-10-23T08:06:46+00:00","description":"During the first years of life, children and infants should lie flat. The Anivia flat pillow is filled with soft goose down, and its fine cotton cover adds both elegance and softness.","breadcrumb":{"@id":"https:\/\/www.cisseria.com\/product\/anivia0flat-cushion-for-kids\/#breadcrumb"},"inLanguage":"ro-RO","potentialAction":[{"@type":"ReadAction","target":["https:\/\/www.cisseria.com\/product\/anivia0flat-cushion-for-kids\/"]}]},{"@type":"ImageObject","inLanguage":"ro-RO","@id":"https:\/\/www.cisseria.com\/product\/anivia0flat-cushion-for-kids\/#primaryimage","url":"https:\/\/www.cisseria.com\/wp-content\/uploads\/2024\/08\/Perna30x50copii-dreptunghi-1-bg.jpg","contentUrl":"https:\/\/www.cisseria.com\/wp-content\/uploads\/2024\/08\/Perna30x50copii-dreptunghi-1-bg.jpg","width":1024,"height":1024,"caption":"Anivia Pillow for kids"},{"@type":"BreadcrumbList","@id":"https:\/\/www.cisseria.com\/product\/anivia0flat-cushion-for-kids\/#breadcrumb","itemListElement":[{"@type":"ListItem","position":1,"name":"Home","item":"https:\/\/www.cisseria.com\/"},{"@type":"ListItem","position":2,"name":"Shop","item":"https:\/\/www.cisseria.com\/shop\/"},{"@type":"ListItem","position":3,"name":"Anivia Flat cushion for kids"}]},{"@type":"WebSite","@id":"https:\/\/www.cisseria.com\/#website","url":"https:\/\/www.cisseria.com\/","name":"Pillows and quilts made of down and goose feathers | CISSERIA","description":"Bring the hotel confort into your home!","publisher":{"@id":"https:\/\/www.cisseria.com\/#organization"},"potentialAction":[{"@type":"SearchAction","target":{"@type":"EntryPoint","urlTemplate":"https:\/\/www.cisseria.com\/?s={search_term_string}"},"query-input":{"@type":"PropertyValueSpecification","valueRequired":true,"valueName":"search_term_string"}}],"inLanguage":"ro-RO"},{"@type":"Organization","@id":"https:\/\/www.cisseria.com\/#organization","name":"CISSERIA","url":"https:\/\/www.cisseria.com\/","logo":{"@type":"ImageObject","inLanguage":"ro-RO","@id":"https:\/\/www.cisseria.com\/#\/schema\/logo\/image\/","url":"https:\/\/www.cisseria.com\/wp-content\/uploads\/2024\/03\/cropped-Cisseria-Logo-Final-EN-Transparent.png","contentUrl":"https:\/\/www.cisseria.com\/wp-content\/uploads\/2024\/03\/cropped-Cisseria-Logo-Final-EN-Transparent.png","width":1000,"height":235,"caption":"CISSERIA"},"image":{"@id":"https:\/\/www.cisseria.com\/#\/schema\/logo\/image\/"},"sameAs":["https:\/\/www.facebook.com\/cisseria.home","https:\/\/www.linkedin.com\/company\/cisseria\/"]}]}},"jetpack_sharing_enabled":true,"_links":{"self":[{"href":"https:\/\/www.cisseria.com\/ro\/wp-json\/wp\/v2\/product\/5445","targetHints":{"allow":["GET"]}}],"collection":[{"href":"https:\/\/www.cisseria.com\/ro\/wp-json\/wp\/v2\/product"}],"about":[{"href":"https:\/\/www.cisseria.com\/ro\/wp-json\/wp\/v2\/types\/product"}],"replies":[{"embeddable":true,"href":"https:\/\/www.cisseria.com\/ro\/wp-json\/wp\/v2\/comments?post=5445"}],"wp:featuredmedia":[{"embeddable":true,"href":"https:\/\/www.cisseria.com\/ro\/wp-json\/wp\/v2\/media\/5461"}],"wp:attachment":[{"href":"https:\/\/www.cisseria.com\/ro\/wp-json\/wp\/v2\/media?parent=5445"}],"wp:term":[{"taxonomy":"product_brand","embeddable":true,"href":"https:\/\/www.cisseria.com\/ro\/wp-json\/wp\/v2\/product_brand?post=5445"},{"taxonomy":"product_cat","embeddable":true,"href":"https:\/\/www.cisseria.com\/ro\/wp-json\/wp\/v2\/product_cat?post=5445"},{"taxonomy":"product_tag","embeddable":true,"href":"https:\/\/www.cisseria.com\/ro\/wp-json\/wp\/v2\/product_tag?post=5445"}],"curies":[{"name":"wp","href":"https:\/\/api.w.org\/{rel}","templated":true}]}}