{"id":5567,"date":"2025-04-16T12:07:04","date_gmt":"2025-04-16T11:07:04","guid":{"rendered":"https:\/\/www.cisseria.com\/?post_type=product&#038;p=5567"},"modified":"2025-05-08T13:25:37","modified_gmt":"2025-05-08T12:25:37","slug":"goose-down-pillow-with-border-anivia","status":"publish","type":"product","link":"https:\/\/www.cisseria.com\/ro\/produs\/goose-down-pillow-with-border-anivia\/","title":{"rendered":"3-chamber down pillow Anivia Collection with border"},"content":{"rendered":"<div class=\"css-17obbps e1n4aopa0\">\n<h3>3-chamber down pillow Anivia Collection with border<\/h3>\n<p>Materialele de \u00eenalt\u0103 calitate, bumbacul \u0219i puful de g\u00e2sc\u0103, se combin\u0103 pentru a crea o simbioz\u0103 perfect\u0103 \u00eentre lux \u0219i delicate\u021be. Designul realizat cu aten\u021bie, combinat cu tehnologia inovatoare de sus\u021binere a formei, asigur\u0103 c\u0103 fiecare moment de relaxare devine o experien\u021b\u0103 senzorial\u0103 excep\u021bional\u0103. Anivia este expresia suprem\u0103 a elegan\u021bei \u0219i a aten\u021biei la detalii, aduc\u00e2nd un rafinament deosebit \u00een fiecare noapte de odihn\u0103.<\/p>\n<h3 class=\"media-0_body__yf6Z_ css-cet0rr e1chwovd1\">Caracteristici<\/h3>\n<div class=\"css-19pc6mm e1n4aopa0\">\n<div class=\"css-d4ouvk e1n4aopa0\">Pene \u0219i puf din surse responsabile<\/div>\n<\/div>\n<div class=\"css-19pc6mm e1n4aopa0\">\n<div class=\"css-1v5xdt0 e1n4aopa0\">\n<p class=\"media-0_body__yf6Z_\">100% din pene \u0219i puf din produsele noastre sunt fie reciclate, fie certificate conform standardelor recunoscute de bun\u0103stare a animalelor<\/p>\n<p>The pillow has a specially cut 4cm side border.<\/p>\n<\/div>\n<\/div>\n<\/div>\n<div class=\"css-14hvavs e1chwovd3\">\n<p>&nbsp;<\/p>\n<h3 class=\"media-0_body__yf6Z_ css-cet0rr e1chwovd1\">Compozi\u021bie<\/h3>\n<p class=\"media-0_body__yf6Z_\">100% cotton, Filling &#8211; goose feather (inner chamber) and goose down (outer chambers)<\/p>\n<\/div>\n<div class=\"css-17obbps e1n4aopa0\">\n<p>&nbsp;<\/p>\n<h3 class=\"media-0_body__yf6Z_ css-cet0rr e1chwovd1\">\u00cengrijire<\/h3>\n<div class=\"css-1bwsmgl e1n4aopa0\">\n<ul>\n<li>Spalare la 40 grade<\/li>\n<li>A nu se folosi \u00een\u0103lbitor<\/li>\n<li>Se usuc\u0103 la temperatura medie<\/li>\n<li>A nu se c\u0103lca<\/li>\n<li>Nu cur\u0103\u021ba\u021bi chimic<\/li>\n<\/ul>\n<p>&nbsp;<\/p>\n<h3>Sizes<\/h3>\n<p>Available in the following sizes: 50&#215;70 pillow<\/p>\n<\/div>\n<\/div>","protected":false},"excerpt":{"rendered":"<p>Sleep in luxury with the Anivia Collection Goose Down Pillow featuring a structured border. Its 3-chamber design offers the perfect balance of firmness and softness for all sleep positions.<\/p>","protected":false},"featured_media":5571,"comment_status":"open","ping_status":"closed","template":"","meta":[],"product_brand":[],"product_cat":[22],"product_tag":[],"class_list":{"0":"post-5567","1":"product","2":"type-product","3":"status-publish","4":"has-post-thumbnail","6":"product_cat-pillow","8":"first","9":"instock","10":"taxable","11":"shipping-taxable","12":"purchasable","13":"product-type-simple"},"yoast_head":"<!-- This site is optimized with the Yoast SEO plugin v26.6 - https:\/\/yoast.com\/wordpress\/plugins\/seo\/ -->\n<title>3-chamber down pillow Anivia Collection with border - Pillows and quilts made of down and goose feathers | CISSERIA<\/title>\n<meta name=\"description\" content=\"Elevate your sleep with the Anivia Collection goose down pillow with border. Designed for lasting support and cloud-like softness perfect for all sleep styles.\" \/>\n<meta name=\"robots\" content=\"index, follow, max-snippet:-1, max-image-preview:large, max-video-preview:-1\" \/>\n<link rel=\"canonical\" href=\"https:\/\/www.cisseria.com\/ro\/produs\/goose-down-pillow-with-border-anivia\/\" \/>\n<meta property=\"og:locale\" content=\"ro_RO\" \/>\n<meta property=\"og:type\" content=\"article\" \/>\n<meta property=\"og:title\" content=\"3-chamber down pillow Anivia Collection with border - Pillows and quilts made of down and goose feathers | CISSERIA\" \/>\n<meta property=\"og:description\" content=\"Elevate your sleep with the Anivia Collection goose down pillow with border. Designed for lasting support and cloud-like softness perfect for all sleep styles.\" \/>\n<meta property=\"og:url\" content=\"https:\/\/www.cisseria.com\/ro\/produs\/goose-down-pillow-with-border-anivia\/\" \/>\n<meta property=\"og:site_name\" content=\"Pillows and quilts made of down and goose feathers | CISSERIA\" \/>\n<meta property=\"article:publisher\" content=\"https:\/\/www.facebook.com\/cisseria.home\" \/>\n<meta property=\"article:modified_time\" content=\"2025-05-08T12:25:37+00:00\" \/>\n<meta property=\"og:image\" content=\"https:\/\/www.cisseria.com\/wp-content\/uploads\/2025\/04\/perna-puf-gasca-3-camere-celeste-cu-bordura-4cm-50x70cm-alb-595135.jpg\" \/>\n\t<meta property=\"og:image:width\" content=\"1024\" \/>\n\t<meta property=\"og:image:height\" content=\"1024\" \/>\n\t<meta property=\"og:image:type\" content=\"image\/jpeg\" \/>\n<meta name=\"twitter:card\" content=\"summary_large_image\" \/>\n<meta name=\"twitter:label1\" content=\"Timp estimat pentru citire\" \/>\n\t<meta name=\"twitter:data1\" content=\"1 minut\" \/>\n<script type=\"application\/ld+json\" class=\"yoast-schema-graph\">{\"@context\":\"https:\/\/schema.org\",\"@graph\":[{\"@type\":\"WebPage\",\"@id\":\"https:\/\/www.cisseria.com\/product\/goose-down-pillow-with-border-anivia\/\",\"url\":\"https:\/\/www.cisseria.com\/product\/goose-down-pillow-with-border-anivia\/\",\"name\":\"3-chamber down pillow Anivia Collection with border - Pillows and quilts made of down and goose feathers | CISSERIA\",\"isPartOf\":{\"@id\":\"https:\/\/www.cisseria.com\/#website\"},\"primaryImageOfPage\":{\"@id\":\"https:\/\/www.cisseria.com\/product\/goose-down-pillow-with-border-anivia\/#primaryimage\"},\"image\":{\"@id\":\"https:\/\/www.cisseria.com\/product\/goose-down-pillow-with-border-anivia\/#primaryimage\"},\"thumbnailUrl\":\"https:\/\/www.cisseria.com\/wp-content\/uploads\/2025\/04\/perna-puf-gasca-3-camere-celeste-cu-bordura-4cm-50x70cm-alb-595135.jpg\",\"datePublished\":\"2025-04-16T11:07:04+00:00\",\"dateModified\":\"2025-05-08T12:25:37+00:00\",\"description\":\"Elevate your sleep with the Anivia Collection goose down pillow with border. Designed for lasting support and cloud-like softness perfect for all sleep styles.\",\"breadcrumb\":{\"@id\":\"https:\/\/www.cisseria.com\/product\/goose-down-pillow-with-border-anivia\/#breadcrumb\"},\"inLanguage\":\"ro-RO\",\"potentialAction\":[{\"@type\":\"ReadAction\",\"target\":[\"https:\/\/www.cisseria.com\/product\/goose-down-pillow-with-border-anivia\/\"]}]},{\"@type\":\"ImageObject\",\"inLanguage\":\"ro-RO\",\"@id\":\"https:\/\/www.cisseria.com\/product\/goose-down-pillow-with-border-anivia\/#primaryimage\",\"url\":\"https:\/\/www.cisseria.com\/wp-content\/uploads\/2025\/04\/perna-puf-gasca-3-camere-celeste-cu-bordura-4cm-50x70cm-alb-595135.jpg\",\"contentUrl\":\"https:\/\/www.cisseria.com\/wp-content\/uploads\/2025\/04\/perna-puf-gasca-3-camere-celeste-cu-bordura-4cm-50x70cm-alb-595135.jpg\",\"width\":1024,\"height\":1024,\"caption\":\"Goose down pillow with elegant border from Anivia Collection, offering supportive structure and soft comfort for all sleepers\"},{\"@type\":\"BreadcrumbList\",\"@id\":\"https:\/\/www.cisseria.com\/product\/goose-down-pillow-with-border-anivia\/#breadcrumb\",\"itemListElement\":[{\"@type\":\"ListItem\",\"position\":1,\"name\":\"Home\",\"item\":\"https:\/\/www.cisseria.com\/\"},{\"@type\":\"ListItem\",\"position\":2,\"name\":\"Shop\",\"item\":\"https:\/\/www.cisseria.com\/shop\/\"},{\"@type\":\"ListItem\",\"position\":3,\"name\":\"3-chamber down pillow Anivia Collection with border\"}]},{\"@type\":\"WebSite\",\"@id\":\"https:\/\/www.cisseria.com\/#website\",\"url\":\"https:\/\/www.cisseria.com\/\",\"name\":\"Pillows and quilts made of down and goose feathers | CISSERIA\",\"description\":\"Bring the hotel confort into your home!\",\"publisher\":{\"@id\":\"https:\/\/www.cisseria.com\/#organization\"},\"potentialAction\":[{\"@type\":\"SearchAction\",\"target\":{\"@type\":\"EntryPoint\",\"urlTemplate\":\"https:\/\/www.cisseria.com\/?s={search_term_string}\"},\"query-input\":{\"@type\":\"PropertyValueSpecification\",\"valueRequired\":true,\"valueName\":\"search_term_string\"}}],\"inLanguage\":\"ro-RO\"},{\"@type\":\"Organization\",\"@id\":\"https:\/\/www.cisseria.com\/#organization\",\"name\":\"CISSERIA\",\"url\":\"https:\/\/www.cisseria.com\/\",\"logo\":{\"@type\":\"ImageObject\",\"inLanguage\":\"ro-RO\",\"@id\":\"https:\/\/www.cisseria.com\/#\/schema\/logo\/image\/\",\"url\":\"https:\/\/www.cisseria.com\/wp-content\/uploads\/2024\/03\/cropped-Cisseria-Logo-Final-EN-Transparent.png\",\"contentUrl\":\"https:\/\/www.cisseria.com\/wp-content\/uploads\/2024\/03\/cropped-Cisseria-Logo-Final-EN-Transparent.png\",\"width\":1000,\"height\":235,\"caption\":\"CISSERIA\"},\"image\":{\"@id\":\"https:\/\/www.cisseria.com\/#\/schema\/logo\/image\/\"},\"sameAs\":[\"https:\/\/www.facebook.com\/cisseria.home\",\"https:\/\/www.linkedin.com\/company\/cisseria\/\"]}]}<\/script>\n<!-- \/ Yoast SEO plugin. -->","yoast_head_json":{"title":"3-chamber down pillow Anivia Collection with border - Pillows and quilts made of down and goose feathers | CISSERIA","description":"Elevate your sleep with the Anivia Collection goose down pillow with border. Designed for lasting support and cloud-like softness perfect for all sleep styles.","robots":{"index":"index","follow":"follow","max-snippet":"max-snippet:-1","max-image-preview":"max-image-preview:large","max-video-preview":"max-video-preview:-1"},"canonical":"https:\/\/www.cisseria.com\/ro\/produs\/goose-down-pillow-with-border-anivia\/","og_locale":"ro_RO","og_type":"article","og_title":"3-chamber down pillow Anivia Collection with border - Pillows and quilts made of down and goose feathers | CISSERIA","og_description":"Elevate your sleep with the Anivia Collection goose down pillow with border. Designed for lasting support and cloud-like softness perfect for all sleep styles.","og_url":"https:\/\/www.cisseria.com\/ro\/produs\/goose-down-pillow-with-border-anivia\/","og_site_name":"Pillows and quilts made of down and goose feathers | CISSERIA","article_publisher":"https:\/\/www.facebook.com\/cisseria.home","article_modified_time":"2025-05-08T12:25:37+00:00","og_image":[{"width":1024,"height":1024,"url":"https:\/\/www.cisseria.com\/wp-content\/uploads\/2025\/04\/perna-puf-gasca-3-camere-celeste-cu-bordura-4cm-50x70cm-alb-595135.jpg","type":"image\/jpeg"}],"twitter_card":"summary_large_image","twitter_misc":{"Timp estimat pentru citire":"1 minut"},"schema":{"@context":"https:\/\/schema.org","@graph":[{"@type":"WebPage","@id":"https:\/\/www.cisseria.com\/product\/goose-down-pillow-with-border-anivia\/","url":"https:\/\/www.cisseria.com\/product\/goose-down-pillow-with-border-anivia\/","name":"3-chamber down pillow Anivia Collection with border - Pillows and quilts made of down and goose feathers | CISSERIA","isPartOf":{"@id":"https:\/\/www.cisseria.com\/#website"},"primaryImageOfPage":{"@id":"https:\/\/www.cisseria.com\/product\/goose-down-pillow-with-border-anivia\/#primaryimage"},"image":{"@id":"https:\/\/www.cisseria.com\/product\/goose-down-pillow-with-border-anivia\/#primaryimage"},"thumbnailUrl":"https:\/\/www.cisseria.com\/wp-content\/uploads\/2025\/04\/perna-puf-gasca-3-camere-celeste-cu-bordura-4cm-50x70cm-alb-595135.jpg","datePublished":"2025-04-16T11:07:04+00:00","dateModified":"2025-05-08T12:25:37+00:00","description":"Elevate your sleep with the Anivia Collection goose down pillow with border. Designed for lasting support and cloud-like softness perfect for all sleep styles.","breadcrumb":{"@id":"https:\/\/www.cisseria.com\/product\/goose-down-pillow-with-border-anivia\/#breadcrumb"},"inLanguage":"ro-RO","potentialAction":[{"@type":"ReadAction","target":["https:\/\/www.cisseria.com\/product\/goose-down-pillow-with-border-anivia\/"]}]},{"@type":"ImageObject","inLanguage":"ro-RO","@id":"https:\/\/www.cisseria.com\/product\/goose-down-pillow-with-border-anivia\/#primaryimage","url":"https:\/\/www.cisseria.com\/wp-content\/uploads\/2025\/04\/perna-puf-gasca-3-camere-celeste-cu-bordura-4cm-50x70cm-alb-595135.jpg","contentUrl":"https:\/\/www.cisseria.com\/wp-content\/uploads\/2025\/04\/perna-puf-gasca-3-camere-celeste-cu-bordura-4cm-50x70cm-alb-595135.jpg","width":1024,"height":1024,"caption":"Goose down pillow with elegant border from Anivia Collection, offering supportive structure and soft comfort for all sleepers"},{"@type":"BreadcrumbList","@id":"https:\/\/www.cisseria.com\/product\/goose-down-pillow-with-border-anivia\/#breadcrumb","itemListElement":[{"@type":"ListItem","position":1,"name":"Home","item":"https:\/\/www.cisseria.com\/"},{"@type":"ListItem","position":2,"name":"Shop","item":"https:\/\/www.cisseria.com\/shop\/"},{"@type":"ListItem","position":3,"name":"3-chamber down pillow Anivia Collection with border"}]},{"@type":"WebSite","@id":"https:\/\/www.cisseria.com\/#website","url":"https:\/\/www.cisseria.com\/","name":"Pillows and quilts made of down and goose feathers | CISSERIA","description":"Bring the hotel confort into your home!","publisher":{"@id":"https:\/\/www.cisseria.com\/#organization"},"potentialAction":[{"@type":"SearchAction","target":{"@type":"EntryPoint","urlTemplate":"https:\/\/www.cisseria.com\/?s={search_term_string}"},"query-input":{"@type":"PropertyValueSpecification","valueRequired":true,"valueName":"search_term_string"}}],"inLanguage":"ro-RO"},{"@type":"Organization","@id":"https:\/\/www.cisseria.com\/#organization","name":"CISSERIA","url":"https:\/\/www.cisseria.com\/","logo":{"@type":"ImageObject","inLanguage":"ro-RO","@id":"https:\/\/www.cisseria.com\/#\/schema\/logo\/image\/","url":"https:\/\/www.cisseria.com\/wp-content\/uploads\/2024\/03\/cropped-Cisseria-Logo-Final-EN-Transparent.png","contentUrl":"https:\/\/www.cisseria.com\/wp-content\/uploads\/2024\/03\/cropped-Cisseria-Logo-Final-EN-Transparent.png","width":1000,"height":235,"caption":"CISSERIA"},"image":{"@id":"https:\/\/www.cisseria.com\/#\/schema\/logo\/image\/"},"sameAs":["https:\/\/www.facebook.com\/cisseria.home","https:\/\/www.linkedin.com\/company\/cisseria\/"]}]}},"jetpack_sharing_enabled":true,"_links":{"self":[{"href":"https:\/\/www.cisseria.com\/ro\/wp-json\/wp\/v2\/product\/5567","targetHints":{"allow":["GET"]}}],"collection":[{"href":"https:\/\/www.cisseria.com\/ro\/wp-json\/wp\/v2\/product"}],"about":[{"href":"https:\/\/www.cisseria.com\/ro\/wp-json\/wp\/v2\/types\/product"}],"replies":[{"embeddable":true,"href":"https:\/\/www.cisseria.com\/ro\/wp-json\/wp\/v2\/comments?post=5567"}],"wp:featuredmedia":[{"embeddable":true,"href":"https:\/\/www.cisseria.com\/ro\/wp-json\/wp\/v2\/media\/5571"}],"wp:attachment":[{"href":"https:\/\/www.cisseria.com\/ro\/wp-json\/wp\/v2\/media?parent=5567"}],"wp:term":[{"taxonomy":"product_brand","embeddable":true,"href":"https:\/\/www.cisseria.com\/ro\/wp-json\/wp\/v2\/product_brand?post=5567"},{"taxonomy":"product_cat","embeddable":true,"href":"https:\/\/www.cisseria.com\/ro\/wp-json\/wp\/v2\/product_cat?post=5567"},{"taxonomy":"product_tag","embeddable":true,"href":"https:\/\/www.cisseria.com\/ro\/wp-json\/wp\/v2\/product_tag?post=5567"}],"curies":[{"name":"wp","href":"https:\/\/api.w.org\/{rel}","templated":true}]}}